{"id":32,"date":"2026-04-08T19:59:39","date_gmt":"2026-04-08T17:59:39","guid":{"rendered":"https:\/\/emmadejean.fr\/?page_id=32"},"modified":"2026-04-09T17:24:37","modified_gmt":"2026-04-09T15:24:37","slug":"elementor-32","status":"publish","type":"page","link":"https:\/\/emmadejean.fr\/","title":{"rendered":"Accueil"},"content":{"rendered":"\n\n\tA propos de moi &#8230;\nLa photographie m&rsquo;a toujours fascin\u00e9, nourrie par ma passion pour le monde visuel\n<p>Ma soif de d\u00e9couverte m&rsquo;incite constamment \u00e0 explorer de nouvelles techniques afin de capturer des instants uniques et m\u00e9morables.<\/p>\n<p>Chaque visage renferme une histoire captivante ; mon objectif est d&rsquo;immortaliser l&rsquo;essence et l&rsquo;\u00e9motion humaine \u00e0 travers mes clich\u00e9s.<\/p>\n<p>Apr\u00e8s deux ann\u00e9es d&rsquo;\u00e9tudes en cin\u00e9ma et audiovisuel, je d\u00e9cide d&rsquo;appronfondir mes comp\u00e9tences et me sp\u00e9cialiser, j&rsquo;ai donc effectu\u00e9 une formation en photographie.<\/p>\n<p>Actuellement bas\u00e9e \u00e0 Bordeaux et dans la r\u00e9gion Charentaise, je suis \u00e9galement disponible pour me d\u00e9placer aux alentours afin de concr\u00e9tiser vos projets photographiques.<\/p>\n<figure itemscope itemtype=\"https:\/\/schema.org\/ImageObject\">\n\t\t\t\t<img decoding=\"async\" src=\"http:\/\/emmadejean.fr\/wp-content\/uploads\/2026\/04\/img-photographe-300x224-1.webp\" alt=\"img-photographe-300x224\" title=\"img-photographe-300x224\" onerror=\"this.style.display='none'\" loading=\"lazy\" \/>\n\t<\/figure>\n\t<p>\u00a0&#8211; La photographie est une br\u00e8ve complicit\u00e9 entre la pr\u00e9voyance et le hasard &#8211;<\/p>\n<p>&#8211; John Stuart Mill &#8211;<\/p>\n<p>&nbsp;<\/p>\n\n","protected":false},"excerpt":{"rendered":"<p>A propos de moi &#8230; La photographie m&rsquo;a toujours fascin\u00e9, nourrie par ma passion pour le monde visuel Ma soif [&hellip;]<\/p>\n","protected":false},"author":1,"featured_media":17,"parent":0,"menu_order":0,"comment_status":"closed","ping_status":"closed","template":"","meta":{"site-sidebar-layout":"no-sidebar","site-content-layout":"","ast-site-content-layout":"full-width-container","site-content-style":"default","site-sidebar-style":"default","ast-global-header-display":"","ast-banner-title-visibility":"","ast-main-header-display":"","ast-hfb-above-header-display":"","ast-hfb-below-header-display":"","ast-hfb-mobile-header-display":"","site-post-title":"","ast-breadcrumbs-content":"","ast-featured-img":"disabled","footer-sml-layout":"","ast-disable-related-posts":"","theme-transparent-header-meta":"","adv-header-id-meta":"","stick-header-meta":"","header-above-stick-meta":"","header-main-stick-meta":"","header-below-stick-meta":"","astra-migrate-meta-layouts":"default","ast-page-background-enabled":"default","ast-page-background-meta":{"desktop":{"background-color":"var(--ast-global-color-5)","background-image":"","background-repeat":"repeat","background-position":"center center","background-size":"auto","background-attachment":"scroll","background-type":"","background-media":"","overlay-type":"","overlay-color":"","overlay-opacity":"","overlay-gradient":""},"tablet":{"background-color":"","background-image":"","background-repeat":"repeat","background-position":"center center","background-size":"auto","background-attachment":"scroll","background-type":"","background-media":"","overlay-type":"","overlay-color":"","overlay-opacity":"","overlay-gradient":""},"mobile":{"background-color":"","background-image":"","background-repeat":"repeat","background-position":"center center","background-size":"auto","background-attachment":"scroll","background-type":"","background-media":"","overlay-type":"","overlay-color":"","overlay-opacity":"","overlay-gradient":""}},"ast-content-background-meta":{"desktop":{"background-color":"var(--ast-global-color-4)","background-image":"","background-repeat":"repeat","background-position":"center center","background-size":"auto","background-attachment":"scroll","background-type":"","background-media":"","overlay-type":"","overlay-color":"","overlay-opacity":"","overlay-gradient":""},"tablet":{"background-color":"var(--ast-global-color-4)","background-image":"","background-repeat":"repeat","background-position":"center center","background-size":"auto","background-attachment":"scroll","background-type":"","background-media":"","overlay-type":"","overlay-color":"","overlay-opacity":"","overlay-gradient":""},"mobile":{"background-color":"var(--ast-global-color-4)","background-image":"","background-repeat":"repeat","background-position":"center center","background-size":"auto","background-attachment":"scroll","background-type":"","background-media":"","overlay-type":"","overlay-color":"","overlay-opacity":"","overlay-gradient":""}},"footnotes":""},"class_list":["post-32","page","type-page","status-publish","has-post-thumbnail","hentry"],"_links":{"self":[{"href":"https:\/\/emmadejean.fr\/index.php\/wp-json\/wp\/v2\/pages\/32","targetHints":{"allow":["GET"]}}],"collection":[{"href":"https:\/\/emmadejean.fr\/index.php\/wp-json\/wp\/v2\/pages"}],"about":[{"href":"https:\/\/emmadejean.fr\/index.php\/wp-json\/wp\/v2\/types\/page"}],"author":[{"embeddable":true,"href":"https:\/\/emmadejean.fr\/index.php\/wp-json\/wp\/v2\/users\/1"}],"replies":[{"embeddable":true,"href":"https:\/\/emmadejean.fr\/index.php\/wp-json\/wp\/v2\/comments?post=32"}],"version-history":[{"count":11,"href":"https:\/\/emmadejean.fr\/index.php\/wp-json\/wp\/v2\/pages\/32\/revisions"}],"predecessor-version":[{"id":183,"href":"https:\/\/emmadejean.fr\/index.php\/wp-json\/wp\/v2\/pages\/32\/revisions\/183"}],"wp:featuredmedia":[{"embeddable":true,"href":"https:\/\/emmadejean.fr\/index.php\/wp-json\/wp\/v2\/media\/17"}],"wp:attachment":[{"href":"https:\/\/emmadejean.fr\/index.php\/wp-json\/wp\/v2\/media?parent=32"}],"curies":[{"name":"wp","href":"https:\/\/api.w.org\/{rel}","templated":true}]}}